{"id":1139,"date":"2025-04-07T14:17:27","date_gmt":"2025-04-07T14:17:27","guid":{"rendered":"https:\/\/team-balance.com\/?page_id=1139"},"modified":"2025-05-30T13:45:33","modified_gmt":"2025-05-30T13:45:33","slug":"contacto","status":"publish","type":"page","link":"https:\/\/team-balance.com\/?page_id=1139","title":{"rendered":"Contacto"},"content":{"rendered":"\t\t<div data-elementor-type=\"wp-page\" data-elementor-id=\"1139\" class=\"elementor elementor-1139\" data-elementor-post-type=\"page\">\n\t\t\t\t<div class=\"elementor-element elementor-element-ffd0776 e-flex e-con-boxed e-con e-parent\" data-id=\"ffd0776\" data-element_type=\"container\" data-e-type=\"container\" data-settings=\"{&quot;background_background&quot;:&quot;classic&quot;}\">\n\t\t\t\t\t<div class=\"e-con-inner\">\n\t\t<div class=\"elementor-element elementor-element-2eaf341 e-con-full e-flex e-con e-child\" data-id=\"2eaf341\" data-element_type=\"container\" data-e-type=\"container\">\n\t\t\t\t<div class=\"elementor-element elementor-element-4bc4473 elementor-widget elementor-widget-heading\" data-id=\"4bc4473\" data-element_type=\"widget\" data-e-type=\"widget\" data-widget_type=\"heading.default\">\n\t\t\t\t<div class=\"elementor-widget-container\">\n\t\t\t\t\t<h1 class=\"elementor-heading-title elementor-size-default\">Contacto<\/h1>\t\t\t\t<\/div>\n\t\t\t\t<\/div>\n\t\t\t\t<div class=\"elementor-element elementor-element-693a041 elementor-widget elementor-widget-heading\" data-id=\"693a041\" data-element_type=\"widget\" data-e-type=\"widget\" data-widget_type=\"heading.default\">\n\t\t\t\t<div class=\"elementor-widget-container\">\n\t\t\t\t\t<h2 class=\"elementor-heading-title elementor-size-default\">Contacta con nosotros, Potencia tu imagen<\/h2>\t\t\t\t<\/div>\n\t\t\t\t<\/div>\n\t\t\t\t<\/div>\n\t\t\t\t\t<\/div>\n\t\t\t\t<\/div>\n\t\t<div class=\"elementor-element elementor-element-64b65d2 e-flex e-con-boxed e-con e-parent\" data-id=\"64b65d2\" data-element_type=\"container\" data-e-type=\"container\">\n\t\t\t\t\t<div class=\"e-con-inner\">\n\t\t<div class=\"elementor-element elementor-element-49d633d e-con-full e-flex e-con e-child\" data-id=\"49d633d\" data-element_type=\"container\" data-e-type=\"container\">\n\t\t<div class=\"elementor-element elementor-element-80ec0d5 e-con-full e-flex e-con e-child\" data-id=\"80ec0d5\" data-element_type=\"container\" data-e-type=\"container\">\n\t\t\t\t<div class=\"elementor-element elementor-element-37a88a5 elementor-headline--style-highlight elementor-widget elementor-widget-animated-headline\" data-id=\"37a88a5\" data-element_type=\"widget\" data-e-type=\"widget\" data-settings=\"{&quot;marker&quot;:&quot;underline&quot;,&quot;highlighted_text&quot;:&quot;Formulario de contacto&quot;,&quot;headline_style&quot;:&quot;highlight&quot;,&quot;highlight_animation_duration&quot;:1200}\" data-widget_type=\"animated-headline.default\">\n\t\t\t\t<div class=\"elementor-widget-container\">\n\t\t\t\t\t\t\t<h2 class=\"elementor-headline\">\n\t\t\t\t<span class=\"elementor-headline-dynamic-wrapper elementor-headline-text-wrapper\">\n\t\t\t\t\t<span class=\"elementor-headline-dynamic-text elementor-headline-text-active\">Formulario de contacto<\/span>\n\t\t\t\t<\/span>\n\t\t\t\t<\/h2>\n\t\t\t\t\t\t<\/div>\n\t\t\t\t<\/div>\n\t\t\t\t<\/div>\n\t\t\t\t<\/div>\n\t\t<div class=\"elementor-element elementor-element-48353a7 e-con-full e-flex e-con e-child\" data-id=\"48353a7\" data-element_type=\"container\" data-e-type=\"container\">\n\t\t<div class=\"elementor-element elementor-element-67a544d e-con-full e-flex e-con e-child\" data-id=\"67a544d\" data-element_type=\"container\" data-e-type=\"container\" data-settings=\"{&quot;background_background&quot;:&quot;classic&quot;}\">\n\t\t\t\t<div class=\"elementor-element elementor-element-f703fe1 elementor-widget elementor-widget-heading\" data-id=\"f703fe1\" data-element_type=\"widget\" data-e-type=\"widget\" data-widget_type=\"heading.default\">\n\t\t\t\t<div class=\"elementor-widget-container\">\n\t\t\t\t\t<h3 class=\"elementor-heading-title elementor-size-default\">Informaci\u00f3n de Contacto<\/h3>\t\t\t\t<\/div>\n\t\t\t\t<\/div>\n\t\t\t\t<div class=\"elementor-element elementor-element-74134c3 elementor-widget elementor-widget-text-editor\" data-id=\"74134c3\" data-element_type=\"widget\" data-e-type=\"widget\" data-widget_type=\"text-editor.default\">\n\t\t\t\t<div class=\"elementor-widget-container\">\n\t\t\t\t\t\t\t\t\t<p class=\"\" data-start=\"309\" data-end=\"514\">Para cualquier consulta o solicitud relacionada con <strong data-start=\"361\" data-end=\"372\">Balance<\/strong>, no dudes en ponerte en contacto con nosotros. Nuestro equipo est\u00e1 disponible para responder a tus necesidades de forma r\u00e1pida y profesional.<br \/><br \/><\/p><h4 class=\"\" data-start=\"516\" data-end=\"543\"><strong data-start=\"521\" data-end=\"543\">Correo electr\u00f3nico:<br \/><\/strong><strong><a href=\"mailto:info@team-balance.com\" rel=\"noopener\" data-start=\"585\" data-end=\"634\">info@team-balance.com<\/a><\/strong>. <br \/><br \/>Nos comprometemos a responderte en la mayor brevedad posible.<\/h4><h4 class=\"\" data-start=\"693\" data-end=\"710\"><strong data-start=\"698\" data-end=\"710\"><br \/>Tel\u00e9fono:<br \/><\/strong><a href=\"tel:+34654550907\"><strong data-start=\"770\" data-end=\"789\">+34 654550907<\/strong><\/a>.<br \/><br \/>Estamos disponibles de lunes a viernes, de 9:00 a 18:00.<\/h4>\t\t\t\t\t\t\t\t<\/div>\n\t\t\t\t<\/div>\n\t\t\t\t<\/div>\n\t\t<div class=\"elementor-element elementor-element-2d2be2e e-con-full e-flex e-con e-child\" data-id=\"2d2be2e\" data-element_type=\"container\" data-e-type=\"container\" data-settings=\"{&quot;background_background&quot;:&quot;classic&quot;}\">\n\t\t\t\t<div class=\"elementor-element elementor-element-9ca09b2 elementor-widget elementor-widget-wpforms\" data-id=\"9ca09b2\" data-element_type=\"widget\" data-e-type=\"widget\" data-widget_type=\"wpforms.default\">\n\t\t\t\t<div class=\"elementor-widget-container\">\n\t\t\t\t\t<style id=\"wpforms-css-vars-elementor-widget-9ca09b2\">\n\t\t\t\t.elementor-widget-wpforms.elementor-element-9ca09b2 {\n\t\t\t\t--wpforms-field-text-color: #FFFFFF;\n--wpforms-label-color: #FFFFFF;\n--wpforms-button-background-color: #066aab;\n--wpforms-button-text-color: #FFFFFF;\n--wpforms-label-sublabel-color: #FFFFFF;\n--wpforms-button-background-color-alt: #FFFFFF00;\n\t\t\t}\n\t\t\t<\/style><div class=\"wpforms-container wpforms-container-full wpforms-render-modern\" id=\"wpforms-1171\"><form id=\"wpforms-form-1171\" class=\"wpforms-validate wpforms-form wpforms-ajax-form\" data-formid=\"1171\" method=\"post\" enctype=\"multipart\/form-data\" action=\"\/index.php?rest_route=%2Fwp%2Fv2%2Fpages%2F1139\" data-token=\"c9618363bb4c85e9bf10590b6ba3512c\" data-token-time=\"1777300651\"><noscript class=\"wpforms-error-noscript\">Por favor, activa JavaScript en tu navegador para completar este formulario.<\/noscript><div id=\"wpforms-error-noscript\" style=\"display: none;\">Por favor, activa JavaScript en tu navegador para completar este formulario.<\/div><div class=\"wpforms-field-container\"><div id=\"wpforms-1171-field_1-container\" class=\"wpforms-field wpforms-field-name\" data-field-id=\"1\"><fieldset><legend class=\"wpforms-field-label\">Nombre <span class=\"wpforms-required-label\" aria-hidden=\"true\">*<\/span><\/legend><div class=\"wpforms-field-row wpforms-field-large\"><div class=\"wpforms-field-row-block wpforms-first wpforms-one-half\"><input type=\"text\" id=\"wpforms-1171-field_1\" class=\"wpforms-field-name-first wpforms-field-required\" name=\"wpforms[fields][1][first]\" aria-errormessage=\"wpforms-1171-field_1-error\" required><label for=\"wpforms-1171-field_1\" class=\"wpforms-field-sublabel after\">Nombre<\/label><\/div><div class=\"wpforms-field-row-block wpforms-one-half\"><input type=\"text\" id=\"wpforms-1171-field_1-last\" class=\"wpforms-field-name-last wpforms-field-required\" name=\"wpforms[fields][1][last]\" aria-errormessage=\"wpforms-1171-field_1-last-error\" required><label for=\"wpforms-1171-field_1-last\" class=\"wpforms-field-sublabel after\">Apellidos<\/label><\/div><\/div><\/fieldset><\/div><div id=\"wpforms-1171-field_2-container\" class=\"wpforms-field wpforms-field-email\" data-field-id=\"2\"><label class=\"wpforms-field-label\" for=\"wpforms-1171-field_2\">Correo electr\u00f3nico <span class=\"wpforms-required-label\" aria-hidden=\"true\">*<\/span><\/label><input type=\"email\" id=\"wpforms-1171-field_2\" class=\"wpforms-field-large wpforms-field-required\" name=\"wpforms[fields][2]\" spellcheck=\"false\" aria-errormessage=\"wpforms-1171-field_2-error\" required><\/div><div id=\"wpforms-1171-field_3-container\" class=\"wpforms-field wpforms-field-textarea\" data-field-id=\"3\"><label class=\"wpforms-field-label\" for=\"wpforms-1171-field_3\">Comentario o mensaje<\/label><textarea id=\"wpforms-1171-field_3\" class=\"wpforms-field-medium\" name=\"wpforms[fields][3]\" aria-errormessage=\"wpforms-1171-field_3-error\" ><\/textarea><\/div>\t\t<div id=\"wpforms-1171-field_5-container\"\n\t\t\tclass=\"wpforms-field wpforms-field-text\"\n\t\t\tdata-field-type=\"text\"\n\t\t\tdata-field-id=\"5\"\n\t\t\t>\n\t\t\t<label class=\"wpforms-field-label\" for=\"wpforms-1171-field_5\" >Comentario Nombre verificaci\u00f3n<\/label>\n\t\t\t<input type=\"text\" id=\"wpforms-1171-field_5\" class=\"wpforms-field-medium\" name=\"wpforms[fields][5]\" >\n\t\t<\/div>\n\t\t<div id=\"wpforms-1171-field_4-container\" class=\"wpforms-field wpforms-field-checkbox\" data-field-id=\"4\"><fieldset><legend class=\"wpforms-field-label\">Casillas de verificaci\u00f3n <span class=\"wpforms-required-label\" aria-hidden=\"true\">*<\/span><\/legend><ul id=\"wpforms-1171-field_4\" class=\"wpforms-field-required\"><li class=\"choice-1 depth-1\"><input type=\"checkbox\" id=\"wpforms-1171-field_4_1\" name=\"wpforms[fields][4][]\" value=\"He le\u00eddo y acepto los t\u00e9rminos y condiciones de uso.\" aria-errormessage=\"wpforms-1171-field_4_1-error\" required ><label class=\"wpforms-field-label-inline\" for=\"wpforms-1171-field_4_1\">He le\u00eddo y acepto los t\u00e9rminos y condiciones de uso.<\/label><\/li><\/ul><\/fieldset><\/div><script>\n\t\t\t\t( function() {\n\t\t\t\t\tconst style = document.createElement( 'style' );\n\t\t\t\t\tstyle.appendChild( document.createTextNode( '#wpforms-1171-field_5-container { position: absolute !important; overflow: hidden !important; display: inline !important; height: 1px !important; width: 1px !important; z-index: -1000 !important; padding: 0 !important; } #wpforms-1171-field_5-container input { visibility: hidden; } #wpforms-conversational-form-page #wpforms-1171-field_5-container label { counter-increment: none; }' ) );\n\t\t\t\t\tdocument.head.appendChild( style );\n\t\t\t\t\tdocument.currentScript?.remove();\n\t\t\t\t} )();\n\t\t\t<\/script><\/div><!-- .wpforms-field-container --><div class=\"wpforms-submit-container\" ><input type=\"hidden\" name=\"wpforms[id]\" value=\"1171\"><input type=\"hidden\" name=\"page_title\" value=\"\"><input type=\"hidden\" name=\"page_url\" value=\"https:\/\/team-balance.com\/index.php?rest_route=\/wp\/v2\/pages\/1139\"><input type=\"hidden\" name=\"url_referer\" value=\"\"><button type=\"submit\" name=\"wpforms[submit]\" id=\"wpforms-submit-1171\" class=\"wpforms-submit\" data-alt-text=\"Enviando...\" data-submit-text=\"Enviar\" aria-live=\"assertive\" value=\"wpforms-submit\">Enviar<\/button><img decoding=\"async\" src=\"https:\/\/team-balance.com\/wp-content\/plugins\/wpforms-lite\/assets\/images\/submit-spin.svg\" class=\"wpforms-submit-spinner\" style=\"display: none;\" width=\"26\" height=\"26\" alt=\"Cargando\"><\/div><\/form><\/div>  <!-- .wpforms-container -->\t\t\t\t<\/div>\n\t\t\t\t<\/div>\n\t\t\t\t<\/div>\n\t\t\t\t<\/div>\n\t\t\t\t\t<\/div>\n\t\t\t\t<\/div>\n\t\t\t\t<\/div>\n\t\t","protected":false},"excerpt":{"rendered":"<p>Contacto Contacta con nosotros, Potencia tu imagen Formulario de contacto Informaci\u00f3n de Contacto Para cualquier consulta o solicitud relacionada con Balance, no dudes en ponerte en contacto con nosotros. Nuestro equipo est\u00e1 disponible para responder a tus necesidades de forma r\u00e1pida y profesional. Correo electr\u00f3nico:info@team-balance.com. Nos comprometemos a responderte en la mayor brevedad posible. Tel\u00e9fono:+34 [&hellip;]<\/p>\n","protected":false},"author":1,"featured_media":0,"parent":0,"menu_order":0,"comment_status":"closed","ping_status":"closed","template":"","meta":{"footnotes":""},"class_list":["post-1139","page","type-page","status-publish","hentry"],"_links":{"self":[{"href":"https:\/\/team-balance.com\/index.php?rest_route=\/wp\/v2\/pages\/1139","targetHints":{"allow":["GET"]}}],"collection":[{"href":"https:\/\/team-balance.com\/index.php?rest_route=\/wp\/v2\/pages"}],"about":[{"href":"https:\/\/team-balance.com\/index.php?rest_route=\/wp\/v2\/types\/page"}],"author":[{"embeddable":true,"href":"https:\/\/team-balance.com\/index.php?rest_route=\/wp\/v2\/users\/1"}],"replies":[{"embeddable":true,"href":"https:\/\/team-balance.com\/index.php?rest_route=%2Fwp%2Fv2%2Fcomments&post=1139"}],"version-history":[{"count":79,"href":"https:\/\/team-balance.com\/index.php?rest_route=\/wp\/v2\/pages\/1139\/revisions"}],"predecessor-version":[{"id":1590,"href":"https:\/\/team-balance.com\/index.php?rest_route=\/wp\/v2\/pages\/1139\/revisions\/1590"}],"wp:attachment":[{"href":"https:\/\/team-balance.com\/index.php?rest_route=%2Fwp%2Fv2%2Fmedia&parent=1139"}],"curies":[{"name":"wp","href":"https:\/\/api.w.org\/{rel}","templated":true}]}}